  {"id":1047,"date":"2016-11-22T14:29:16","date_gmt":"2016-11-22T14:29:16","guid":{"rendered":"https:\/\/www.wma.net\/es\/?page_id=1047"},"modified":"2018-06-22T14:19:08","modified_gmt":"2018-06-22T13:19:08","slug":"imprimir","status":"publish","type":"page","link":"https:\/\/www.wma.net\/es\/imprimir\/","title":{"rendered":"Aviso legal"},"content":{"rendered":"<p><span lang=\"DE\">Este sitio pertenece a la Asociaci\u00f3n M\u00e9dica Mundial, Inc. (AMM), que lo edita. La direcci\u00f3n de la AMM es 13A, chemin du Levant, CS 5001 Le Keynes, 01210 Ferney-Voltaire, Francia. La AMM est\u00e1 declarada en la prefectura de l&#8217;Ain, Francia, con el n\u00famero Siret 301 503 991 00038, desde el 5 de diciembre de 1974.<\/span><\/p>\n<p>Secretario General: Dr. Otmar Kloiber<\/p>\n<p>S\u00edrvase consultar <a title=\"terms and conditions\" href=\"\/wma?page_id=2293\">los t\u00e9rminos y condiciones<\/a>\u00a0de este sitio.<\/p>\n","protected":false},"excerpt":{"rendered":"<p>Este sitio pertenece a la Asociaci\u00f3n M\u00e9dica Mundial, Inc. (AMM), que lo edita. La direcci\u00f3n de la AMM es 13A, chemin du Levant, CS 5001 Le Keynes, 01210 Ferney-Voltaire, Francia. La AMM est\u00e1 declarada en la prefectura de l&#8217;Ain, Francia, con el n\u00famero Siret 301 503 991 00038, desde el 5 de diciembre de 1974. [&hellip;]<\/p>\n","protected":false},"author":3,"featured_media":0,"parent":0,"menu_order":10,"comment_status":"closed","ping_status":"closed","template":"","meta":[],"acf":[],"_links":{"self":[{"href":"https:\/\/www.wma.net\/es\/wp-json\/wp\/v2\/pages\/1047"}],"collection":[{"href":"https:\/\/www.wma.net\/es\/wp-json\/wp\/v2\/pages"}],"about":[{"href":"https:\/\/www.wma.net\/es\/wp-json\/wp\/v2\/types\/page"}],"author":[{"embeddable":true,"href":"https:\/\/www.wma.net\/es\/wp-json\/wp\/v2\/users\/3"}],"replies":[{"embeddable":true,"href":"https:\/\/www.wma.net\/es\/wp-json\/wp\/v2\/comments?post=1047"}],"version-history":[{"count":6,"href":"https:\/\/www.wma.net\/es\/wp-json\/wp\/v2\/pages\/1047\/revisions"}],"predecessor-version":[{"id":11032,"href":"https:\/\/www.wma.net\/es\/wp-json\/wp\/v2\/pages\/1047\/revisions\/11032"}],"wp:attachment":[{"href":"https:\/\/www.wma.net\/es\/wp-json\/wp\/v2\/media?parent=1047"}],"curies":[{"name":"wp","href":"https:\/\/api.w.org\/{rel}","templated":true}]}}